{"id":57,"date":"2024-08-19T17:24:49","date_gmt":"2024-08-19T15:24:49","guid":{"rendered":"https:\/\/www.denise-seyhan.com\/?page_id=57"},"modified":"2025-05-28T10:47:59","modified_gmt":"2025-05-28T08:47:59","slug":"impressum","status":"publish","type":"page","link":"https:\/\/www.denise-seyhan.com\/de\/impressum\/","title":{"rendered":"Impressum"},"content":{"rendered":"<div id='full_slider_1'  class='avia-fullwidth-slider main_color avia-shadow   avia-builder-el-0  el_before_av_section  avia-builder-el-first   container_wrap fullsize'  ><div  class='avia-slideshow av-21e5b-2ba907f6bc9458ca3a0767e409333c4c avia-slideshow-slideshowFullWidth av_slideshow_full avia-fade-slider av-slideshow-ui av-control-default av-slideshow-manual av-loop-once av-loop-manual-endless av-default-height-applied  mobilePortrait  avia-slideshow-1' data-slideshow-options=\"{&quot;animation&quot;:&quot;fade&quot;,&quot;autoplay&quot;:false,&quot;loop_autoplay&quot;:&quot;once&quot;,&quot;interval&quot;:5,&quot;loop_manual&quot;:&quot;manual-endless&quot;,&quot;autoplay_stopper&quot;:false,&quot;noNavigation&quot;:false,&quot;bg_slider&quot;:false,&quot;keep_padding&quot;:false,&quot;hoverpause&quot;:false,&quot;show_slide_delay&quot;:0}\"  itemprop=\"image\" itemscope=\"itemscope\" itemtype=\"https:\/\/schema.org\/ImageObject\" ><ul class='avia-slideshow-inner ' style='padding-bottom: 28.7109375%;'><li  class='avia-slideshow-slide av-21e5b-2ba907f6bc9458ca3a0767e409333c4c__0  av-single-slide slide-1 slide-odd'><div data-rel='slideshow-1' class='avia-slide-wrap '   ><div class='av-slideshow-caption av-21e5b-2ba907f6bc9458ca3a0767e409333c4c__0 caption_fullwidth caption_bottom'><div class=\"container caption_container\"><div class=\"slideshow_caption\"><div class=\"slideshow_inner_caption\"><div class=\"slideshow_align_caption\"><h1 class='avia-caption-title '  itemprop=\"name\" >Impressum<\/h1><\/div><\/div><\/div><\/div><\/div><img decoding=\"async\" fetchpriority=\"high\" class=\"wp-image-3370 avia-img-lazy-loading-not-3370\"  src=\"https:\/\/www.denise-seyhan.com\/wp-content\/uploads\/88-1-2560x735.jpg\" width=\"2560\" height=\"735\" title='' alt=''  itemprop=\"thumbnailUrl\"  style='min-height:664; min-width:2313px; ' srcset=\"https:\/\/www.denise-seyhan.com\/wp-content\/uploads\/88-1-1080x1500.jpg 1080w, https:\/\/www.denise-seyhan.com\/wp-content\/uploads\/88-1-1500x430.jpg 1500w, https:\/\/www.denise-seyhan.com\/wp-content\/uploads\/88-1-2560x735.jpg 2560w\" sizes=\"(max-width: 540px) 50vw, (max-width: 768px) 100vw, 2560px\" \/><\/div><\/li><\/ul><\/div><\/div>\n<div id='av_section_1'  class='avia-section av-1i4eb-f721fb7302d526192b507d4e55e31296 main_color avia-section-default avia-no-border-styling  avia-builder-el-1  el_after_av_slideshow_full  avia-builder-el-last  avia-bg-style-scroll container_wrap fullsize'  ><div class='container av-section-cont-open' ><div class='template-page content  av-content-full alpha units'><div class='post-entry post-entry-type-page post-entry-57'><div class='entry-content-wrapper clearfix'>\n<section  class='av_textblock_section av-m02l5p8a-c7a73966570af15bedd330f08e96c774 '   itemscope=\"itemscope\" itemtype=\"https:\/\/schema.org\/CreativeWork\" ><div class='avia_textblock'  itemprop=\"text\" ><h2>Betreiberin der Website<\/h2>\n<p><strong>Denise Seyhan<\/strong><br \/>\nFriedenstra\u00dfe 20<br \/>\n76133 Karlsruhe<br \/>\nGermany<\/p>\n<h3>Haftungsausschluss<\/h3>\n<p>Alle Grafiken, Skripte und Texte von www.denise-seyhan.com unterliegen, soweit nicht anders angegeben, dem Copyright von Denise Seyhan. Sie d\u00fcrfen ohne unsere ausdr\u00fcckliche Genehmigung weder im Ganzen noch auszugsweise genutzt bzw. kopiert werden. Unautorisierter Gebrauch und Versto\u00df gegen das Urheberrecht wird von uns zivilrechtlich verfolgt.<\/p>\n<p>Trotz sorgf\u00e4ltiger inhaltlicher Kontrolle \u00fcbernehmen wir keine Haftung f\u00fcr die Inhalte externer Links. F\u00fcr den Inhalt der verlinkten Seiten sind ausschlie\u00dflich deren Betreiber verantwortlich.<\/p>\n<h3>Design<\/h3>\n<p><a href=\"https:\/\/www.sanfilippo.design\/\" target=\"_blank\" rel=\"noopener\">SANFILIPPO\u2122 \u00b7 Brand &amp; Experience Design<\/a><\/p>\n<h3>Umsetzung der Website<\/h3>\n<p><a href=\"https:\/\/www.48design.com\" target=\"_blank\" rel=\"noopener\">48DESIGN GmbH \u00b7 Visions.Programming.Design<\/a><\/p>\n<h3>Titelbilder<\/h3>\n<p><a href=\"https:\/\/endless-photography.de\/\" target=\"_blank\" rel=\"noopener\">endless-photography<\/a><\/p>\n<\/div><\/section>\n\n","protected":false},"excerpt":{"rendered":"[av_slideshow_full img_copyright='' size='slideshowFullWidth' min_height='664' stretch='' control_layout='av-control-default' slider_navigation='av-navigate-arrows av-navigate-dots' nav_visibility_desktop='' nav_arrow_color='' nav_arrow_bg_color='' nav_dots_color='' nav_dot_active_color='' src='' attachment='' attachment_size='' position='top left' repeat='no-repeat' attach='scroll' img_copyright_font='' av-desktop-font-img_copyright_font='' av-medium-font-img_copyright_font='' av-small-font-img_copyright_font='' av-mini-font-img_copyright_font='' img_copyright_color='' img_copyright_bg='' animation='fade' transition_speed='' autoplay='false' interval='5' img_scale='' img_scale_end='10' img_scale_direction='' img_scale_duration='3' img_scale_opacity='1' conditional_play='' img_scrset='' lazy_loading='disabled' alb_description='' id='' custom_class='' template_class='' av_uid='av-21e5b' sc_version='1.0']<br \/>\n[av_slide_full slide_type='image' id='3370' video='https:\/\/' mobile_image='' fallback_link='https:\/\/' title='Impressum' video_format='' video_ratio='16:9' caption_pos='caption_bottom' custom_title_size='' av-desktop-font-size-title='' av-medium-font-size-title='' av-small-font-size-title='' av-mini-font-size-title='' custom_content_size='' av-desktop-font-size='' av-medium-font-size='' av-small-font-size='' av-mini-font-size='' font_color='' custom_title='' custom_content='' heading_tag='h1' heading_class='' link_apply='' link='lightbox' link_dynamic='' link_target='' button_label='Click me' button_color='light' link1='manually,http:\/\/' link_target1='' button_label2='Click me' button_color2='light' link2='manually,http:\/\/' link_target2='' overlay_opacity='0.5' overlay_color='' overlay_pattern='' overlay_custom_pattern='' av_uid='av-16raj' sc_version='1.0' video_autoplay='' video_controls='' video_mute='' video_loop='' overlay_enable=''][\/av_slide_full]<br \/>\n[\/av_slideshow_full]\n[av_section min_height='' min_height_pc='25' min_height_px='500px' shadow='no-border-styling' bottom_border='no-border-styling' bottom_border_diagonal_color='#333333' bottom_border_diagonal_direction='' bottom_border_style='' padding='default' margin='' custom_margin='0px' av-desktop-custom_margin='' av-medium-custom_margin='' av-small-custom_margin='' av-mini-custom_margin='' svg_div_top='' svg_div_top_color='#333333' svg_div_top_width='100' svg_div_top_height='50' svg_div_top_max_height='none' svg_div_top_flip='' svg_div_top_invert='' svg_div_top_front='' svg_div_top_opacity='' svg_div_top_preview='' svg_div_bottom='' svg_div_bottom_color='#333333' svg_div_bottom_width='100' svg_div_bottom_height='50' svg_div_bottom_max_height='none' svg_div_bottom_flip='' svg_div_bottom_invert='' svg_div_bottom_front='' svg_div_bottom_opacity='' svg_div_bottom_preview='' fold_type='' fold_height='' fold_more='Weiterlesen' fold_less='Read less' fold_text_style='' fold_btn_align='' color='main_color' background='bg_color' custom_bg='' background_gradient_direction='vertical' background_gradient_color1='#000000' background_gradient_color2='#ffffff' background_gradient_color3='' src='' attach='scroll' position='top left' repeat='no-repeat' video='' video_ratio='16:9' video_mobile_disabled='' overlay_enable='' overlay_opacity='0.5' overlay_color='' overlay_pattern='' overlay_custom_pattern='' scroll_down='' custom_arrow_bg='' fold_overlay_color='' fold_text_color='' fold_btn_color='theme-color' fold_btn_bg_color='' fold_btn_font_color='' size-btn-text='' av-desktop-font-size-btn-text='' av-medium-font-size-btn-text='' av-small-font-size-btn-text='' av-mini-font-size-btn-text='' fold_timer='' z_index_fold='' css_position_z_index='' av-desktop-css_position_z_index='' av-medium-css_position_z_index='' av-small-css_position_z_index='' av-mini-css_position_z_index='' av-desktop-hide='' av-medium-hide='' av-small-hide='' av-mini-hide='' id='' custom_class='' template_class='' aria_label='' av_element_hidden_in_editor='0' av_uid='av-1i4eb' sc_version='1.0']<\/p>\n<p>[av_textblock fold_type='' fold_height='' fold_more='Weiterlesen' fold_less='Read less' fold_text_style='' fold_btn_align='' textblock_styling_align='' textblock_styling='' textblock_styling_gap='' textblock_styling_mobile='' size='' av-desktop-font-size='' av-medium-font-size='' av-small-font-size='' av-mini-font-size='' font_color='' color='' fold_overlay_color='' fold_text_color='' fold_btn_color='theme-color' fold_btn_bg_color='' fold_btn_font_color='' size-btn-text='' av-desktop-font-size-btn-text='' av-medium-font-size-btn-text='' av-small-font-size-btn-text='' av-mini-font-size-btn-text='' fold_timer='' z_index_fold='' id='' custom_class='' template_class='' av_uid='av-m02l5p8a' sc_version='1.0' admin_preview_bg='']<\/p>\n<h2>Betreiberin der Website<\/h2>\n<p><strong>Denise Seyhan<\/strong><br \/>\nFriedenstra\u00dfe 20<br \/>\n76133 Karlsruhe<br \/>\nGermany<\/p>\n<h3>Haftungsausschluss<\/h3>\n<p>Alle Grafiken, Skripte und Texte von www.denise-seyhan.com unterliegen, soweit nicht anders angegeben, dem Copyright von Denise Seyhan. Sie d\u00fcrfen ohne unsere ausdr\u00fcckliche Genehmigung weder im Ganzen noch auszugsweise genutzt bzw. kopiert werden. Unautorisierter Gebrauch und Versto\u00df gegen das Urheberrecht wird von uns zivilrechtlich verfolgt.<\/p>\n<p>Trotz sorgf\u00e4ltiger inhaltlicher Kontrolle \u00fcbernehmen wir keine Haftung f\u00fcr die Inhalte externer Links. F\u00fcr den Inhalt der verlinkten Seiten sind ausschlie\u00dflich deren Betreiber verantwortlich.<\/p>\n<h3>Design<\/h3>\n<p><a href=\"https:\/\/www.sanfilippo.design\/\" target=\"_blank\" rel=\"noopener\">SANFILIPPO\u2122 \u00b7 Brand &amp; Experience Design<\/a><\/p>\n<h3>Umsetzung der Website<\/h3>\n<p><a href=\"https:\/\/www.48design.com\" target=\"_blank\" rel=\"noopener\">48DESIGN GmbH \u00b7 Visions.Programming.Design<\/a><\/p>\n<h3>Titelbilder<\/h3>\n<p><a href=\"https:\/\/endless-photography.de\/\" target=\"_blank\" rel=\"noopener\">endless-photography<\/a><br \/>\n[\/av_textblock]<\/p>\n<p>[\/av_section]\n","protected":false},"author":1,"featured_media":3370,"parent":0,"menu_order":0,"comment_status":"closed","ping_status":"closed","template":"","meta":{"footnotes":""},"class_list":["post-57","page","type-page","status-publish","has-post-thumbnail","hentry"],"_links":{"self":[{"href":"https:\/\/www.denise-seyhan.com\/de\/wp-json\/wp\/v2\/pages\/57","targetHints":{"allow":["GET"]}}],"collection":[{"href":"https:\/\/www.denise-seyhan.com\/de\/wp-json\/wp\/v2\/pages"}],"about":[{"href":"https:\/\/www.denise-seyhan.com\/de\/wp-json\/wp\/v2\/types\/page"}],"author":[{"embeddable":true,"href":"https:\/\/www.denise-seyhan.com\/de\/wp-json\/wp\/v2\/users\/1"}],"replies":[{"embeddable":true,"href":"https:\/\/www.denise-seyhan.com\/de\/wp-json\/wp\/v2\/comments?post=57"}],"version-history":[{"count":8,"href":"https:\/\/www.denise-seyhan.com\/de\/wp-json\/wp\/v2\/pages\/57\/revisions"}],"predecessor-version":[{"id":4283,"href":"https:\/\/www.denise-seyhan.com\/de\/wp-json\/wp\/v2\/pages\/57\/revisions\/4283"}],"wp:featuredmedia":[{"embeddable":true,"href":"https:\/\/www.denise-seyhan.com\/de\/wp-json\/wp\/v2\/media\/3370"}],"wp:attachment":[{"href":"https:\/\/www.denise-seyhan.com\/de\/wp-json\/wp\/v2\/media?parent=57"}],"curies":[{"name":"wp","href":"https:\/\/api.w.org\/{rel}","templated":true}]}}